{"id":35,"date":"2014-02-09T17:52:17","date_gmt":"2014-02-09T15:52:17","guid":{"rendered":"http:\/\/logopaedie-saar.de\/wordpress\/?page_id=35"},"modified":"2024-01-10T16:57:03","modified_gmt":"2024-01-10T14:57:03","slug":"35-2","status":"publish","type":"page","link":"https:\/\/logopaedie-saar.de\/","title":{"rendered":""},"content":{"rendered":"<h1 style=\"text-align: center;\"><span style=\"color: #17773f;\"><strong>Herzlich Willkommen in unserer logop\u00e4dischen Praxis Wortgewandt in Saarbr\u00fccken!<\/strong><\/span><\/h1>\n<h3 style=\"text-align: center;\"><span style=\"color: #17773f;\">~seit 2013<\/span><\/h3>\n<p style=\"text-align: center;\"><a href=\"https:\/\/logopaedie-saar.de\/wp-content\/uploads\/2014\/02\/IMG_1144.jpg\"><img loading=\"lazy\" class=\"alignnone wp-image-9 aligncenter\" src=\"https:\/\/logopaedie-saar.de\/wp-content\/uploads\/2014\/02\/IMG_1144-1024x768.jpg\" alt=\"IMG_1144\" width=\"548\" height=\"412\" srcset=\"https:\/\/logopaedie-saar.de\/wp-content\/uploads\/2014\/02\/IMG_1144-1024x768.jpg 1024w, https:\/\/logopaedie-saar.de\/wp-content\/uploads\/2014\/02\/IMG_1144-300x225.jpg 300w\" sizes=\"(max-width: 548px) 100vw, 548px\" \/><\/a><\/p>\n<p style=\"text-align: center;\">&#8222;Die Grenzen meiner Sprache bedeuten die Grenzen meiner Welt.&#8220;<\/p>\n<p style=\"text-align: center;\">\u00a0\u00a0 <em><span style=\"font-size: medium;\"><span style=\"font-size: medium;\">Ludwig Wittgens<span style=\"font-size: medium;\">tein<\/span><\/span><\/span><\/em><\/p>\n<p style=\"text-align: center;\">Im Laufe des Lebens eines jeden Menschen k\u00f6nnen aus den unterschiedlichsten Gr\u00fcnden Probleme in den Bereichen Sprache, Sprechen, Stimme und Schlucken auftreten. Ob es sich um Defizite in der Sprachentwicklung bei Kindern, Stimmst\u00f6rungen oder die Folgen von Erkrankungen, Unf\u00e4llen die die Sprache beeintr\u00e4chtigen, oder Schwierigkeiten des Schriftspracherwerbs und der Konzentration bei Kindern oder Jugendlichen handelt. Wir m\u00f6chten Sie hierbei gerne unterst\u00fctzen und Ihnen kompetent zur Seite stehen.<\/p>\n","protected":false},"excerpt":{"rendered":"<p>Herzlich Willkommen in unserer logop\u00e4dischen Praxis Wortgewandt in Saarbr\u00fccken! ~seit 2013 &#8222;Die Grenzen meiner Sprache bedeuten die Grenzen meiner Welt.&#8220; \u00a0\u00a0 Ludwig Wittgenstein Im Laufe des Lebens eines jeden Menschen k\u00f6nnen aus den unterschiedlichsten Gr\u00fcnden Probleme in den Bereichen Sprache, Sprechen, Stimme und Schlucken auftreten. Ob es sich um Defizite in der Sprachentwicklung bei Kindern, [&hellip;]<\/p>\n","protected":false},"author":2,"featured_media":0,"parent":0,"menu_order":0,"comment_status":"open","ping_status":"open","template":"page-templates\/front-page.php","meta":[],"_links":{"self":[{"href":"https:\/\/logopaedie-saar.de\/index.php?rest_route=\/wp\/v2\/pages\/35"}],"collection":[{"href":"https:\/\/logopaedie-saar.de\/index.php?rest_route=\/wp\/v2\/pages"}],"about":[{"href":"https:\/\/logopaedie-saar.de\/index.php?rest_route=\/wp\/v2\/types\/page"}],"author":[{"embeddable":true,"href":"https:\/\/logopaedie-saar.de\/index.php?rest_route=\/wp\/v2\/users\/2"}],"replies":[{"embeddable":true,"href":"https:\/\/logopaedie-saar.de\/index.php?rest_route=%2Fwp%2Fv2%2Fcomments&post=35"}],"version-history":[{"count":32,"href":"https:\/\/logopaedie-saar.de\/index.php?rest_route=\/wp\/v2\/pages\/35\/revisions"}],"predecessor-version":[{"id":283,"href":"https:\/\/logopaedie-saar.de\/index.php?rest_route=\/wp\/v2\/pages\/35\/revisions\/283"}],"wp:attachment":[{"href":"https:\/\/logopaedie-saar.de\/index.php?rest_route=%2Fwp%2Fv2%2Fmedia&parent=35"}],"curies":[{"name":"wp","href":"https:\/\/api.w.org\/{rel}","templated":true}]}}